{"id":989266,"date":"2026-04-20T10:21:44","date_gmt":"2026-04-20T08:21:44","guid":{"rendered":"https:\/\/e51w42xy.seo-partner.ovh\/?page_id=989266"},"modified":"2026-04-20T10:25:36","modified_gmt":"2026-04-20T08:25:36","slug":"polityka-prywatnosci","status":"publish","type":"page","link":"https:\/\/e51w42xy.seo-partner.ovh\/en\/polityka-prywatnosci\/","title":{"rendered":"Polityka prywatno\u015bci"},"content":{"rendered":"<div data-elementor-type=\"wp-page\" data-elementor-id=\"989266\" class=\"elementor elementor-989266\" data-elementor-post-type=\"page\">\n\t\t\t\t<div class=\"elementor-element elementor-element-0170d10 hero e-flex e-con-boxed e-con e-parent\" data-id=\"0170d10\" data-element_type=\"container\" data-e-type=\"container\" data-settings=\"{&quot;background_background&quot;:&quot;classic&quot;,&quot;jet_parallax_layout_list&quot;:[]}\">\n\t\t\t\t\t<div class=\"e-con-inner\">\n\t\t<div class=\"elementor-element elementor-element-2352a59 e-con-full hero-shape e-flex e-con e-child\" data-id=\"2352a59\" data-element_type=\"container\" data-e-type=\"container\" data-settings=\"{&quot;position&quot;:&quot;absolute&quot;,&quot;jet_parallax_layout_list&quot;:[]}\">\n\t\t\t\t<\/div>\n\t\t\t\t<div class=\"elementor-element elementor-element-d75f059 elementor-widget elementor-widget-heading\" data-id=\"d75f059\" data-element_type=\"widget\" data-e-type=\"widget\" data-widget_type=\"heading.default\">\n\t\t\t\t<div class=\"elementor-widget-container\">\n\t\t\t\t\t<h1 class=\"elementor-heading-title elementor-size-default\">Polityka prywatno\u015bci <\/h1>\t\t\t\t<\/div>\n\t\t\t\t<\/div>\n\t\t\t\t<div class=\"elementor-element elementor-element-07d4215 elementor-widget elementor-widget-text-editor\" data-id=\"07d4215\" data-element_type=\"widget\" data-e-type=\"widget\" data-widget_type=\"text-editor.default\">\n\t\t\t\t<div class=\"elementor-widget-container\">\n\t\t\t\t\t\t\t\t\t<p><em>form. nr PP_01_NA\u00a0 \u00a0rev.02\u00a0 \u00a0obowi\u0105zuje od 05.02.2025<\/em><\/p>\t\t\t\t\t\t\t\t<\/div>\n\t\t\t\t<\/div>\n\t\t\t\t\t<\/div>\n\t\t\t\t<\/div>\n\t\t<div class=\"elementor-element elementor-element-67eafaa polityka-prywatnosci e-flex e-con-boxed e-con e-parent\" data-id=\"67eafaa\" data-element_type=\"container\" data-e-type=\"container\" data-settings=\"{&quot;jet_parallax_layout_list&quot;:[]}\">\n\t\t\t\t\t<div class=\"e-con-inner\">\n\t\t\t\t<div class=\"elementor-element elementor-element-4ccade2 elementor-widget__width-inherit elementor-widget elementor-widget-text-editor\" data-id=\"4ccade2\" data-element_type=\"widget\" data-e-type=\"widget\" data-widget_type=\"text-editor.default\">\n\t\t\t\t<div class=\"elementor-widget-container\">\n\t\t\t\t\t\t\t\t\t<h2><strong>I. Informacje podstawowe<\/strong><\/h2><p>Administratorem strony internetowej www.naviacademy.com.pl jest\u00a0<strong>NAVI ACADEMY sp\u00f3\u0142ka z ograniczon\u0105 odpowiedzialno\u015bci\u0105 z siedzib\u0105 w Gda\u0144sku<\/strong>, ul. Astronom\u00f3w 5, 80-299 Gda\u0144sk, kt\u00f3ra zosta\u0142a wpisana do rejestru przedsi\u0119biorc\u00f3w prowadzonego przez S\u0104D REJONOWY GDA\u0143SK-P\u00d3\u0141NOC W GDA\u0143SKU, VII WYDZIA\u0141 GOSPODARCZY KRAJOWEGO REJESTRU S\u0104DOWEGO pod numerem KRS: 0001133260, NIP: 5842858737, kapita\u0142 zak\u0142adowy w wysoko\u015bci 50.000 z\u0142otych, wp\u0142acony w ca\u0142o\u015bci, zwana dalej: \u201eNAVI ACADEMY\u201d<\/p><p>Kontakt z Administratorem mo\u017cliwy jest pod adresem e-mail:\u00a0<a href=\"mailto:academy@naviacademy.com.pl\"><u>academy@naviacademy.com.pl<\/u><\/a>\u00a0lub listownie poprzez wys\u0142anie korespondencji na adres siedziby Sp\u00f3\u0142ki tj.: Navi Academy sp. z o.o., ul. Astronom\u00f3w 5, 80-299 Gda\u0144sk.\u00a0<\/p><p>Polityka Prywatno\u015bci okre\u015bla zasady przetwarzania danych osobowych u\u017cytkownik\u00f3w strony internetowej www.naviacademy.com.pl. Polityka Prywatno\u015bci wskazuje zakres i cel przetwarzanych danych osobowych, okres ich przechowywania, informacje o stosowaniu plik\u00f3w cookies oraz prawa u\u017cytkownik\u00f3w strony internetowej.<\/p><p>Administrator przetwarza dane osobowe zgodnie z przepisami Rozporz\u0105dzenia Parlamentu Europejskiego i\u00a0Rady (UE) 2016\/679 z\u00a0dnia 27 kwietnia 2016 r. w\u00a0sprawie ochrony os\u00f3b fizycznych w\u00a0zwi\u0105zku z\u00a0przetwarzaniem danych osobowych i\u00a0w\u00a0sprawie swobodnego przep\u0142ywu takich danych oraz uchylenia dyrektywy 95\/46\/WE (dalej: RODO), a tak\u017ce z innymi aktami prawnymi reguluj\u0105cymi zasady przetwarzania danych osobowych.<\/p><p>Administrator informuj\u0119, \u017ce przes\u0142anie wiadomo\u015bci za po\u015brednictwem formularza kontaktowego lub przekazanie formularza zg\u0142oszenia na szkolenie wymaga zaakceptowania postanowie\u0144 Polityki Prywatno\u015bci przez u\u017cytkownika strony internetowej.\u00a0<\/p><div>\u00a0<\/div><h2><strong>II. Dane osobowe podlegaj\u0105ce gromadzeniu oraz cel ich przetwarzania\u00a0<\/strong><\/h2><div>\u00a0<\/div><p>Dane osobowe u\u017cytkownik\u00f3w strony internetowej www.naviacademy.com.pl mog\u0105 by\u0107 przetwarzane w zakresie i w celach wskazanych poni\u017cej.\u00a0\u00a0<\/p><p>Administrator mo\u017ce przetwarza\u0107 poni\u017csze dane osobowe u\u017cytkownik\u00f3w strony internetowej:<\/p><div><u>1. Dane osobowe uzyskane bezpo\u015brednio od u\u017cytkownika w zwi\u0105zku z skorzystaniem z formularza kontaktowego znajduj\u0105cego w zak\u0142adce \u201eKontakt\u201d<\/u>.<\/div><div><br \/>Dane osobowe gromadzone w zwi\u0105zku z skorzystaniem z formularza kontaktowego przetwarzane s\u0105 na podstawie art. 6 ust. 1 lit. a) RODO. Administrator przetwarza dane osobowe u\u017cytkownika strony internetowej takie jak: imi\u0119 i nazwisko lub nazwa firmy, adres e-mail, numer telefonu. Podanie danych osobowych jest dobrowolne, ale konieczne w celu przekazania wiadomo\u015bci za po\u015brednictwem formularza kontaktowego.\u00a0<br \/><br \/>Dane przetwarzane s\u0105 w celu:<\/div><div>1. zapoznania si\u0119 z tre\u015bci\u0105 otrzymanej wiadomo\u015bci wys\u0142anej przez u\u017cytkownika strony internetowej za po\u015brednictwem formularza kontaktowego,<\/div><div>2. udzielenia odpowiedzi na otrzymane zapytanie, w tym przedstawienia oferty, je\u015bli zapytanie dotyczy zakresu i rodzaju us\u0142ug \u015bwiadczonych przez Administratora,<\/div><div>3. przes\u0142ania przez Administratora informacji handlowych i marketingowych, w tym wys\u0142ania newslettera, informacji o planowanych zmianach w zakresie oferowanych us\u0142ug, obowi\u0105zuj\u0105cych zasadach rozlicze\u0144, stosowania rabat\u00f3w.\u00a0<\/div><div>\u00a0<\/div><div><u>2. Dane osobowe uzyskane w zwi\u0105zku z przes\u0142aniem formularza zg\u0142oszenia na szkolenie za po\u015brednictwem strony internetowej\u00a0<\/u><\/div><div><br \/>Dane osobowe gromadzone w zwi\u0105zku z przes\u0142aniem formularza zg\u0142oszenia na szkolenie przetwarzane s\u0105 na podstawie:<\/div><div>1. art. 6 ust. 1 lit. a) RODO w celu za\u0142o\u017cenia konta u\u017cytkownika na stronie internetowej, przekazywania informacji handlowych,\u00a0<\/div><div>2. art. 6 ust. 1 lit. b) RODO w celu zawarcia i wykonania umowy oraz \u015bwiadczenia us\u0142ug, w szczeg\u00f3lno\u015bci dokonania zapis\u00f3w na szkolenie, przekazywania danych zwi\u0105zanych ze szkoleniem,\u00a0<\/div><div>3. art. 6 ust. 1 lit. c) RODO w celu wykonania obowi\u0105zk\u00f3w ci\u0105\u017c\u0105cych na Administratorze w szczeg\u00f3lno\u015bci wynikaj\u0105cych z prawa podatkowego,\u00a0<\/div><div>4. art. 6 ust. 1 lit. f. RODO w celu wynikaj\u0105cym z prawnie uzasadnionego interesu Administratora, w szczeg\u00f3lno\u015bci dochodzenia roszcze\u0144, obron\u0105 przed roszczeniami.\u00a0<\/div><div><br \/>Administrator przetwarza dane osobowe wskazane w formularzu zg\u0142oszenia szkolenia takie jak: imi\u0119 i nazwisko uczestnika szkolenia, data i miejsce urodzenia uczestnika szkolenia,\u00a0 dane adresowe uczestnika szkolenia, dane kontaktowe uczestnika szkolenia, a w przypadku dokonywania zg\u0142oszenia przez inny podmiot ni\u017c uczestnik szkolenia, tak\u017ce nazw\u0119 i NIP podmiotu zg\u0142aszaj\u0105cego, dane adresowe podmiotu zg\u0142aszaj\u0105cego oraz dane kontaktowe podmiotu zg\u0142aszaj\u0105cego.\u00a0 Podanie danych osobowych jest dobrowolne, ale konieczne w celu zawarcia umowy.\u00a0<br \/><br \/>Dane przetwarzane s\u0105 w celu:<\/div><div>1. za\u0142o\u017cenia konta u\u017cytkownika na stronie internetowej, je\u015bli u\u017cytkownik wyrazi\u0142 zgod\u0119 na rejestracj\u0119 konta,\u00a0<\/div><div>2. przes\u0142ania przez Administratora informacji handlowych i marketingowych, w tym wys\u0142ania newslettera, informacji o planowanych zmianach w zakresie oferowanych us\u0142ug, obowi\u0105zuj\u0105cych zasadach rozlicze\u0144, stosowania rabat\u00f3w, je\u015bli u\u017cytkownik wyrazi\u0142 zgod\u0119 na otrzymywanie informacji handlowych,\u00a0<\/div><div>3. zawarcia i wykonania umowy oraz \u015bwiadczenia us\u0142ug na rzecz klienta, w szczeg\u00f3lno\u015bci dokonania zapis\u00f3w zg\u0142aszanych uczestnik\u00f3w na szkolenie, przekazywania szczeg\u00f3\u0142owych danych zwi\u0105zanych ze szkoleniem<\/div><div>4. dokonania rozlicze\u0144 z tytu\u0142u zawartej umowy, w tym wystawienia i przekazania faktury VAT,\u00a0<\/div><div>5. dochodzenia roszcze\u0144 lub obron\u0105 przed roszczeniami.\u00a0<\/div><div>\u00a0<\/div><div><u>3. Dane osobowe uzyskane w zwi\u0105zku z przegl\u0105daniem strony internetowej.<\/u><\/div><div><br \/>Dane osobowe gromadzone w zwi\u0105zku z przegl\u0105daniem strony internetowej przetwarzane s\u0105 na podstawie art. 6 ust. 1 lit. f) w celu zapewnienia prawid\u0142owego funkcjonowania strony internetowej, zabezpieczenia strony internetowej, dostosowywania us\u0142ug do potrzeb u\u017cytkownik\u00f3w oraz do cel\u00f3w statystycznych.\u00a0<br \/><br \/>Administrator mo\u017ce przetwarza\u0107 dane takie jak:\u00a0 informacje gromadzone przy u\u017cyciu plik\u00f3w cookies, o czym mowa poni\u017cej w cz\u0119\u015bci III Polityki Prywatno\u015bci.<br \/>\u00a0<\/div><p>Dane osobowe u\u017cytkownik\u00f3w strony internetowej\u00a0<a href=\"http:\/\/www.naviacademy.com.pl\/\"><u>www.naviacademy.com.pl<\/u><\/a>\u00a0mog\u0105 zosta\u0107 udost\u0119pnione pracownikom lub wsp\u00f3\u0142pracownikom Administratora oraz innym podmiotom \u015bwiadcz\u0105cym us\u0142ugi na rzecz Administratora, je\u015bli jest to konieczne w zwi\u0105zku z rodzajem i celem przetwarzanych danych osobowych, w szczeg\u00f3lno\u015bci podmiotom \u015bwiadcz\u0105cym us\u0142ugi w zakresie prowadzenia strony internetowej. Administrator b\u0119dzie przekazywa\u0142 dane osobowe u\u017cytkownik\u00f3w strony internetowej Navitest sp\u00f3\u0142ka z ograniczon\u0105 odpowiedzialno\u015bci\u0105 z siedzib\u0105 w Gda\u0144sku, kt\u00f3ra \u015bwiadczy us\u0142ugi na rzecz Administratora. Administrator nie b\u0119dzie przekazywa\u0142 danych osobowych innym podmiotom poza wskazanymi powy\u017cej, chyba \u017ce b\u0119dzie do tego zobowi\u0105zany na podstawie obowi\u0105zuj\u0105cych przepis\u00f3w prawa.\u00a0<\/p><p>Administrator stosuje odpowiednie \u015brodki organizacyjne i techniczne w celu zapewnienia zgodnego z prawem przetwarzania danych osobowych oraz zapewnienia ochrony przed udost\u0119pnieniem ich osobie nieuprawnionej.\u00a0<\/p><div>\u00a0<\/div><h2><strong>III. Pliki cookies<\/strong><\/h2><div>\u00a0<\/div><p>Administrator strony internetowej stosuje tzw. pliki cookies. Na stronie\u00a0<a href=\"http:\/\/www.naviacademy.com.pl\/\"><u>www.naviacademy.com.pl<\/u><\/a>\u00a0nie s\u0105 zbierane w spos\u00f3b automatyczny \u017cadne inne informacje, z wyj\u0105tkiem informacji zawartych w plikach cookies.\u00a0<\/p><p>Pliki cookies (tzw. \u201eciasteczka\u201d) to niewielkie informacje tekstowe, wysy\u0142ane przez serwer WWW i zapisywane po stronie u\u017cytkownika (zazwyczaj na twardym dysku). Domy\u015blne parametry ciasteczek pozwalaj\u0105 na odczytanie informacji w nich zawartych jedynie serwerowi, kt\u00f3ry je utworzy\u0142. Ciasteczka s\u0105 stosowane najcz\u0119\u015bciej w przypadku licznik\u00f3w, sond, sklep\u00f3w internetowych, stron wymagaj\u0105cych logowania, reklam i do monitorowania aktywno\u015bci odwiedzaj\u0105cych.<\/p><p>Podmiotem zamieszczaj\u0105cym pliki cookies na urz\u0105dzeniu ko\u0144cowym u\u017cytkownika strony internetowej www.naviacademy.com.pl oraz uzyskuj\u0105cym do nich dost\u0119p jest operator strony\u00a0<a href=\"http:\/\/www.naviacademy.com.pl\/\"><u>www.naviacademy.com.pl<\/u><\/a>\u00a0\u2013 sp\u00f3\u0142ka WEBTECHNIKA sp\u00f3\u0142ka z ograniczon\u0105 odpowiedzialno\u015bci\u0105 z siedzib\u0105 w Olsztynie,\u00a0ul. Pi\u0142sudskiego 77a, 10-449\u00a0Olsztyn.<\/p><p>Pliki cookies\u00a0wykorzystywane s\u0105 w celu:<\/p><div>1. tworzenia statystyk, kt\u00f3re pomagaj\u0105 zrozumie\u0107, w jaki spos\u00f3b u\u017cytkownicy strony\u00a0<a href=\"http:\/\/www.naviacademy.com.pl\/\"><u>www.naviacademy.com.pl<\/u><\/a>\u00a0korzystaj\u0105 ze stron internetowych, co umo\u017cliwia ulepszanie ich struktury i zawarto\u015bci,<\/div><div>2. utrzymanie sesji u\u017cytkownika strony internetowej (po zalogowaniu), dzi\u0119ki kt\u00f3rej u\u017cytkownik nie musi na ka\u017cdej podstronie ponownie wpisywa\u0107 loginu i has\u0142a,<\/div><div>3. popularyzacji Strony Internetowej za pomoc\u0105 serwis\u00f3w spo\u0142eczno\u015bciowych takich jak: facebook.com, instragram.com.\u00a0<\/div><div>\u00a0<\/div><p>Na stronie internetowej\u00a0<a href=\"http:\/\/www.naviacademy.com.pl\/\"><u>www.naviacademy.com.pl<\/u><\/a>\u00a0stosowe s\u0105 poni\u017csze rodzaje plik\u00f3w cookies:<\/p><div>1. sesyjne (session cookies) \u2013 pliki cookies przechowywane s\u0105 na urz\u0105dzeniu u\u017cytkownika do czasu zako\u0144czenia danej sesji przegl\u0105darki lub wy\u0142\u0105czenia przegl\u0105darki internetowej,\u00a0<\/div><div>2. trwa\u0142e (persistent cookies) \u2013 pliki cookies przechowywane s\u0105 na urz\u0105dzeniu u\u017cytkownika r\u00f3wnie\u017c po zako\u0144czeniu sesji przegl\u0105darki, na czas okre\u015blony w parametrach plik\u00f3w cookies lub do czasu ich usuni\u0119cia przez U\u017cytkownika.<\/div><div>\u00a0<\/div><p>Niekt\u00f3re rodzaje przegl\u0105darek internetowych domy\u015blnie dopuszczaj\u0105 mo\u017cliwo\u015b\u0107 przechowywania plik\u00f3w cookies w urz\u0105dzeniu ko\u0144cowym u\u017cytkownika strony internetowej. U\u017cytkownik mo\u017ce dokona\u0107 w ka\u017cdym czasie zmiany ustawie\u0144 dotycz\u0105cych plik\u00f3w cookies. Ustawienia te mog\u0105 zosta\u0107 zmienione w szczeg\u00f3lno\u015bci w taki spos\u00f3b, aby blokowa\u0107 automatyczn\u0105 obs\u0142ug\u0119 plik\u00f3w cookies w ustawieniach przegl\u0105darki internetowej b\u0105d\u017a informowa\u0107 o ich ka\u017cdorazowym zamieszczeniu w urz\u0105dzeniu u\u017cytkownika strony internetowej. Szczeg\u00f3\u0142owe informacje o mo\u017cliwo\u015bci i sposobach obs\u0142ugi plik\u00f3w cookies dost\u0119pne s\u0105 w ustawieniach przegl\u0105darki internetowej. Ograniczenia stosowania plik\u00f3w cookies nie powinny wp\u0142ywa\u0107 na dzia\u0142anie strony internetowej oraz jej funkcjonalno\u015bci.<\/p><div>\u00a0<\/div><h2><strong>IV. Okres przechowywania danych osobowych\u00a0<\/strong><\/h2><div>\u00a0<\/div><p>Dane osobowe u\u017cytkownik\u00f3w strony internetowej\u00a0<a href=\"http:\/\/www.naviacademy.com.pl\/\"><u>www.naviacademy.com.pl<\/u><\/a>\u00a0b\u0119d\u0105 przechowywane przez okres niezb\u0119dny do osi\u0105gni\u0119cia celu, dla jakiego te dane zosta\u0142y zgromadzone.\u00a0<\/p><p>Dane osobowe przekazane przez u\u017cytkownika za pomoc\u0105 formularza kontaktowego przechowywane b\u0119d\u0105 do czasu cofni\u0119cia zgody na ich przetwarzanie.\u00a0<\/p><p>Dane osobowe przekazane przez u\u017cytkownika za pomoc\u0105 formularza zg\u0142oszenia na szkolenie b\u0119d\u0105 przechowywane przez czas trwania umowy, a po jej zako\u0144czeniu przez okres trzech lat, chyba \u017ce z uwagi na dochodzenie roszcze\u0144 lub obron\u0119 przed roszczeniami zasadne b\u0119dzie dalsze przetwarzanie danych osobowych.\u00a0<\/p><p>U\u017cytkownik strony internetowej mo\u017ce w ka\u017cdej chwili cofn\u0105\u0107 udzielon\u0105 zgod\u0119 na przetwarzanie danych osobowych. Cofni\u0119cie zgody nie ma wp\u0142ywu na dokonane przetwarzanie danych osobowych przed jej cofni\u0119ciem. W celu cofni\u0119cia zgody nale\u017cy skontaktowa\u0107 si\u0119 bezpo\u015brednio z Administratorem poprzez wys\u0142anie wiadomo\u015bci e-mail na adres:\u00a0<a href=\"mailto:academy@naviacademy.com.pl\"><u>academy@naviacademy.com.pl<\/u><\/a>\u00a0lub listownie na adres siedziby Sp\u00f3\u0142ki tj. ul. Astronom\u00f3w 5, 80-299 Gda\u0144sk.\u00a0<\/p><p>Dane osobowe przetwarzanie na podstawie uzasadnionego interesu Administratora przetwarzane s\u0105 w celu zapewnienia prawid\u0142owego funkcjonowania strony internetowej\u00a0<a href=\"http:\/\/www.naviacademy.com.pl\/\"><u>www.naviacademy.com.pl<\/u><\/a>. U\u017cytkownik strony internetowej ma prawo do wniesienia sprzeciwu. Dane osobowe przetwarzanie na podstawie uzasadnionego interesu Administratora nie b\u0119d\u0105 przechowywane po z\u0142o\u017cenia sprzeciwu przez u\u017cytkownika.\u00a0<\/p><div>\u00a0<\/div><h2><strong>V. Prawa u\u017cytkownika strony internetowej\u00a0<\/strong><\/h2><p>U\u017cytkownik strony internetowej posiada prawo do:\u00a0<\/p><div>1. uzyskania dost\u0119pu do danych \u2013 otrzymania od Administratora potwierdzenia, czy przetwarza dane osobowe jego dotycz\u0105ce, a gdy tak jest, uzyskania dost\u0119pu do tych danych i okre\u015blonych informacji,<\/div><div>2. sprostowania danych \u2013 \u017c\u0105dania od Administratora sprostowania danych, kt\u00f3re s\u0105 nieprawdziwe,\u00a0\u00a0<\/div><div>3. przenoszenia danych \u2013 otrzymania danych osobowych jego dotycz\u0105cych, kt\u00f3re dostarczy\u0142 Administratorowi w powszechnie u\u017cywanym formacie nadaj\u0105cym si\u0119 do odczytu maszynowego i przes\u0142ania tych danych innemu administratorowi,\u00a0<\/div><div>4. usuni\u0119cia danych \u2013 za\u017c\u0105dania od Administratora usuni\u0119cia danych, Administrator jest zobowi\u0105zany do usuni\u0119cia danych, je\u015bli zachodzi okoliczno\u015b\u0107 wskazana w art. 17 RODO,\u00a0\u00a0<\/div><div>5. ograniczenia przetwarzania danych \u2013 \u017c\u0105dania ograniczenia przetwarzania danych osobowych, gdy nast\u0105pi\u0142y okoliczno\u015bci wskazane w art. 18 RODO,<\/div><div>6. cofni\u0119cia zgody \u2013 cofni\u0119cia udzielonej zgody na przetwarzanie danych osobowych, cofni\u0119cie zgody nie ma wp\u0142ywu na dokonane przetwarzanie danych osobowych przed jej cofni\u0119ciem,\u00a0<\/div><div>7. wniesienia sprzeciwu \u2013 wniesienia sprzeciwu wobec przetwarzania danych osobowych na podstawie art. 6 ust. 1 lit. e) lub f) z przyczyn zwi\u0105zanych z jego szczeg\u00f3ln\u0105 sytuacj\u0105,<\/div><div>8. wniesienia skargi do Prezesa Urz\u0119du Ochrony Danych Osobowych \u2013 wniesienia skargi do organu w przypadku uznania, \u017ce przetwarzanie danych osobowych narusza przepisy RODO.<\/div><div>\u00a0<\/div><p>U\u017cytkownik strony internetowej w celu skorzystania z prawa, wskazanego powy\u017cej, mo\u017ce w ka\u017cdym czasie skontaktowa\u0107 si\u0119 z Administratorem.\u00a0<\/p><div>\u00a0<\/div><h2><strong>VI. Informacje ko\u0144cowe\u00a0<\/strong><\/h2><div>\u00a0<\/div><p>Administrator informuj\u0119, \u017ce tre\u015b\u0107 Polityki Prywatno\u015bci mo\u017ce zosta\u0107 zmieniona, w szczeg\u00f3lno\u015bci w przypadku: zmiany przepis\u00f3w prawa dotycz\u0105cych przetwarzania i ochrony danych osobowych lub zmiany zakresu i celu przetwarzania danych osobowych u\u017cytkownik\u00f3w strony internetowej.\u00a0<\/p><p>Wszelkie zmiany Polityki Prywatno\u015bci obowi\u0105zuj\u0105 od chwili ich opublikowania na stronie internetowej\u00a0<a href=\"http:\/\/www.naviacademy.com.pl\/\"><u>www.naviacademy.com.pl<\/u><\/a>\u00a0\u00a0<\/p>\t\t\t\t\t\t\t\t<\/div>\n\t\t\t\t<\/div>\n\t\t\t\t\t<\/div>\n\t\t\t\t<\/div>\n\t\t\t\t<\/div>","protected":false},"excerpt":{"rendered":"<p>Polityka prywatno\u015bci form. nr PP_01_NA\u00a0 \u00a0rev.02\u00a0 \u00a0obowi\u0105zuje od 05.02.2025 I. Informacje podstawowe Administratorem strony internetowej www.naviacademy.com.pl jest\u00a0NAVI ACADEMY sp\u00f3\u0142ka z [&hellip;]<\/p>\n","protected":false},"author":3,"featured_media":0,"parent":0,"menu_order":0,"comment_status":"closed","ping_status":"closed","template":"elementor_header_footer","meta":{"site-sidebar-layout":"no-sidebar","site-content-layout":"","ast-site-content-layout":"full-width-container","site-content-style":"default","site-sidebar-style":"default","ast-global-header-display":"","ast-banner-title-visibility":"","ast-main-header-display":"","ast-hfb-above-header-display":"","ast-hfb-below-header-display":"","ast-hfb-mobile-header-display":"","site-post-title":"","ast-breadcrumbs-content":"","ast-featured-img":"disabled","footer-sml-layout":"","ast-disable-related-posts":"","theme-transparent-header-meta":"","adv-header-id-meta":"","stick-header-meta":"","header-above-stick-meta":"","header-main-stick-meta":"","header-below-stick-meta":"","astra-migrate-meta-layouts":"default","ast-page-background-enabled":"default","ast-page-background-meta":{"desktop":{"background-color":"var(--ast-global-color-5)","background-image":"","background-repeat":"repeat","background-position":"center center","background-size":"auto","background-attachment":"scroll","background-type":"","background-media":"","overlay-type":"","overlay-color":"","overlay-opacity":"","overlay-gradient":""},"tablet":{"background-color":"","background-image":"","background-repeat":"repeat","background-position":"center center","background-size":"auto","background-attachment":"scroll","background-type":"","background-media":"","overlay-type":"","overlay-color":"","overlay-opacity":"","overlay-gradient":""},"mobile":{"background-color":"","background-image":"","background-repeat":"repeat","background-position":"center center","background-size":"auto","background-attachment":"scroll","background-type":"","background-media":"","overlay-type":"","overlay-color":"","overlay-opacity":"","overlay-gradient":""}},"ast-content-background-meta":{"desktop":{"background-color":"var(--ast-global-color-4)","background-image":"","background-repeat":"repeat","background-position":"center center","background-size":"auto","background-attachment":"scroll","background-type":"","background-media":"","overlay-type":"","overlay-color":"","overlay-opacity":"","overlay-gradient":""},"tablet":{"background-color":"var(--ast-global-color-4)","background-image":"","background-repeat":"repeat","background-position":"center center","background-size":"auto","background-attachment":"scroll","background-type":"","background-media":"","overlay-type":"","overlay-color":"","overlay-opacity":"","overlay-gradient":""},"mobile":{"background-color":"var(--ast-global-color-4)","background-image":"","background-repeat":"repeat","background-position":"center center","background-size":"auto","background-attachment":"scroll","background-type":"","background-media":"","overlay-type":"","overlay-color":"","overlay-opacity":"","overlay-gradient":""}},"footnotes":""},"class_list":["post-989266","page","type-page","status-publish","hentry"],"_links":{"self":[{"href":"https:\/\/e51w42xy.seo-partner.ovh\/en\/wp-json\/wp\/v2\/pages\/989266","targetHints":{"allow":["GET"]}}],"collection":[{"href":"https:\/\/e51w42xy.seo-partner.ovh\/en\/wp-json\/wp\/v2\/pages"}],"about":[{"href":"https:\/\/e51w42xy.seo-partner.ovh\/en\/wp-json\/wp\/v2\/types\/page"}],"author":[{"embeddable":true,"href":"https:\/\/e51w42xy.seo-partner.ovh\/en\/wp-json\/wp\/v2\/users\/3"}],"replies":[{"embeddable":true,"href":"https:\/\/e51w42xy.seo-partner.ovh\/en\/wp-json\/wp\/v2\/comments?post=989266"}],"version-history":[{"count":7,"href":"https:\/\/e51w42xy.seo-partner.ovh\/en\/wp-json\/wp\/v2\/pages\/989266\/revisions"}],"predecessor-version":[{"id":989274,"href":"https:\/\/e51w42xy.seo-partner.ovh\/en\/wp-json\/wp\/v2\/pages\/989266\/revisions\/989274"}],"wp:attachment":[{"href":"https:\/\/e51w42xy.seo-partner.ovh\/en\/wp-json\/wp\/v2\/media?parent=989266"}],"curies":[{"name":"wp","href":"https:\/\/api.w.org\/{rel}","templated":true}]}}