{"id":119,"date":"2026-02-23T12:35:09","date_gmt":"2026-02-23T11:35:09","guid":{"rendered":"https:\/\/e51w42xy.seo-partner.ovh\/?post_type=product&#038;p=119"},"modified":"2026-04-21T22:00:49","modified_gmt":"2026-04-21T20:00:49","slug":"mt12_szkolenie","status":"publish","type":"product","link":"https:\/\/e51w42xy.seo-partner.ovh\/en\/product\/mt12_szkolenie\/","title":{"rendered":"MT 1+2 | Szkolenie kwalifikacyjne (bez certyfikatu)"},"content":{"rendered":"<p><span style=\"font-weight: 400;\">Badania magnetyczne (MT &#8211; Magnetic Testing) to metoda bada\u0144 nieniszcz\u0105cych s\u0142u\u017c\u0105ca do wykrywania nieci\u0105g\u0142o\u015bci powierzchniowych i p\u0142ytko podpowierzchniowych w materia\u0142ach ferromagnetycznych, wykorzystuj\u0105ca pole magnetyczne oraz proszki detekcyjne.<\/span><\/p>\n<p><span style=\"font-weight: 400;\">Zapewnia szybk\u0105 i jednoznaczn\u0105 lokalizacj\u0119 defekt\u00f3w z natychmiastowym wynikiem badania.<\/span><\/p>","protected":false},"excerpt":{"rendered":"<p>Badania magnetyczne (MT &#8211; Magnetic Testing) to metoda bada\u0144 nieniszcz\u0105cych s\u0142u\u017c\u0105ca do wykrywania nieci\u0105g\u0142o\u015bci powierzchniowych i p\u0142ytko podpowierzchniowych w materia\u0142ach [&hellip;]<\/p>\n","protected":false},"featured_media":987964,"comment_status":"closed","ping_status":"closed","template":"","meta":{"site-sidebar-layout":"default","site-content-layout":"","ast-site-content-layout":"default","site-content-style":"default","site-sidebar-style":"default","ast-global-header-display":"","ast-banner-title-visibility":"","ast-main-header-display":"","ast-hfb-above-header-display":"","ast-hfb-below-header-display":"","ast-hfb-mobile-header-display":"","site-post-title":"","ast-breadcrumbs-content":"","ast-featured-img":"","footer-sml-layout":"","ast-disable-related-posts":"","theme-transparent-header-meta":"default","adv-header-id-meta":"","stick-header-meta":"","header-above-stick-meta":"","header-main-stick-meta":"","header-below-stick-meta":"","astra-migrate-meta-layouts":"set","ast-page-background-enabled":"default","ast-page-background-meta":{"desktop":{"background-color":"var(--ast-global-color-5)","background-image":"","background-repeat":"repeat","background-position":"center center","background-size":"auto","background-attachment":"scroll","background-type":"","background-media":"","overlay-type":"","overlay-color":"","overlay-opacity":"","overlay-gradient":""},"tablet":{"background-color":"","background-image":"","background-repeat":"repeat","background-position":"center center","background-size":"auto","background-attachment":"scroll","background-type":"","background-media":"","overlay-type":"","overlay-color":"","overlay-opacity":"","overlay-gradient":""},"mobile":{"background-color":"","background-image":"","background-repeat":"repeat","background-position":"center center","background-size":"auto","background-attachment":"scroll","background-type":"","background-media":"","overlay-type":"","overlay-color":"","overlay-opacity":"","overlay-gradient":""}},"ast-content-background-meta":{"desktop":{"background-color":"var(--ast-global-color-4)","background-image":"","background-repeat":"repeat","background-position":"center center","background-size":"auto","background-attachment":"scroll","background-type":"","background-media":"","overlay-type":"","overlay-color":"","overlay-opacity":"","overlay-gradient":""},"tablet":{"background-color":"var(--ast-global-color-4)","background-image":"","background-repeat":"repeat","background-position":"center center","background-size":"auto","background-attachment":"scroll","background-type":"","background-media":"","overlay-type":"","overlay-color":"","overlay-opacity":"","overlay-gradient":""},"mobile":{"background-color":"var(--ast-global-color-4)","background-image":"","background-repeat":"repeat","background-position":"center center","background-size":"auto","background-attachment":"scroll","background-type":"","background-media":"","overlay-type":"","overlay-color":"","overlay-opacity":"","overlay-gradient":""}}},"product_brand":[],"product_cat":[101],"product_tag":[],"rodzina_produktu":[72],"class_list":{"0":"post-119","1":"product","2":"type-product","3":"status-publish","4":"has-post-thumbnail","6":"product_cat-mt","7":"rodzina_produktu-mt","8":"desktop-align-left","9":"tablet-align-left","10":"mobile-align-left","12":"first","13":"instock","14":"taxable","15":"shipping-taxable","16":"purchasable","17":"product-type-variable"},"_links":{"self":[{"href":"https:\/\/e51w42xy.seo-partner.ovh\/en\/wp-json\/wp\/v2\/product\/119","targetHints":{"allow":["GET"]}}],"collection":[{"href":"https:\/\/e51w42xy.seo-partner.ovh\/en\/wp-json\/wp\/v2\/product"}],"about":[{"href":"https:\/\/e51w42xy.seo-partner.ovh\/en\/wp-json\/wp\/v2\/types\/product"}],"replies":[{"embeddable":true,"href":"https:\/\/e51w42xy.seo-partner.ovh\/en\/wp-json\/wp\/v2\/comments?post=119"}],"wp:featuredmedia":[{"embeddable":true,"href":"https:\/\/e51w42xy.seo-partner.ovh\/en\/wp-json\/wp\/v2\/media\/987964"}],"wp:attachment":[{"href":"https:\/\/e51w42xy.seo-partner.ovh\/en\/wp-json\/wp\/v2\/media?parent=119"}],"wp:term":[{"taxonomy":"product_brand","embeddable":true,"href":"https:\/\/e51w42xy.seo-partner.ovh\/en\/wp-json\/wp\/v2\/product_brand?post=119"},{"taxonomy":"product_cat","embeddable":true,"href":"https:\/\/e51w42xy.seo-partner.ovh\/en\/wp-json\/wp\/v2\/product_cat?post=119"},{"taxonomy":"product_tag","embeddable":true,"href":"https:\/\/e51w42xy.seo-partner.ovh\/en\/wp-json\/wp\/v2\/product_tag?post=119"},{"taxonomy":"rodzina_produktu","embeddable":true,"href":"https:\/\/e51w42xy.seo-partner.ovh\/en\/wp-json\/wp\/v2\/rodzina_produktu?post=119"}],"curies":[{"name":"wp","href":"https:\/\/api.w.org\/{rel}","templated":true}]}}