{"id":989070,"date":"2026-04-16T13:50:09","date_gmt":"2026-04-16T11:50:09","guid":{"rendered":"https:\/\/e51w42xy.seo-partner.ovh\/?post_type=product&#038;p=989070"},"modified":"2026-04-21T22:08:40","modified_gmt":"2026-04-21T20:08:40","slug":"pt12_szkolenie_egzamin","status":"publish","type":"product","link":"https:\/\/e51w42xy.seo-partner.ovh\/en\/product\/pt12_szkolenie_egzamin\/","title":{"rendered":"PT 1+2 | Szkolenie kwalifikacyjne + egzamin kwalifikacyjny"},"content":{"rendered":"<p><b>Badania penetracyjne (PT &#8211; Penetrant Testing)<\/b><span style=\"font-weight: 400;\"> to metoda bada\u0144 nieniszcz\u0105cych s\u0142u\u017c\u0105ca do wykrywania bardzo drobnych nieci\u0105g\u0142o\u015bci powierzchniowych otwartych do powierzchni, z wykorzystaniem zjawiska kapilarno\u015bci.<\/span><\/p>\n<p><span style=\"font-weight: 400;\">Pozwala na precyzyjn\u0105 lokalizacj\u0119 defekt\u00f3w na szerokim zakresie materia\u0142\u00f3w, w tym niemagnetycznych.<\/span><\/p>","protected":false},"excerpt":{"rendered":"<p>Badania penetracyjne (PT &#8211; Penetrant Testing) to metoda bada\u0144 nieniszcz\u0105cych s\u0142u\u017c\u0105ca do wykrywania bardzo drobnych nieci\u0105g\u0142o\u015bci powierzchniowych otwartych do powierzchni, [&hellip;]<\/p>\n","protected":false},"featured_media":987965,"comment_status":"closed","ping_status":"closed","template":"","meta":{"site-sidebar-layout":"default","site-content-layout":"","ast-site-content-layout":"default","site-content-style":"default","site-sidebar-style":"default","ast-global-header-display":"","ast-banner-title-visibility":"","ast-main-header-display":"","ast-hfb-above-header-display":"","ast-hfb-below-header-display":"","ast-hfb-mobile-header-display":"","site-post-title":"","ast-breadcrumbs-content":"","ast-featured-img":"","footer-sml-layout":"","ast-disable-related-posts":"","theme-transparent-header-meta":"default","adv-header-id-meta":"","stick-header-meta":"","header-above-stick-meta":"","header-main-stick-meta":"","header-below-stick-meta":"","astra-migrate-meta-layouts":"set","ast-page-background-enabled":"default","ast-page-background-meta":{"desktop":{"background-color":"var(--ast-global-color-5)","background-image":"","background-repeat":"repeat","background-position":"center center","background-size":"auto","background-attachment":"scroll","background-type":"","background-media":"","overlay-type":"","overlay-color":"","overlay-opacity":"","overlay-gradient":""},"tablet":{"background-color":"","background-image":"","background-repeat":"repeat","background-position":"center center","background-size":"auto","background-attachment":"scroll","background-type":"","background-media":"","overlay-type":"","overlay-color":"","overlay-opacity":"","overlay-gradient":""},"mobile":{"background-color":"","background-image":"","background-repeat":"repeat","background-position":"center center","background-size":"auto","background-attachment":"scroll","background-type":"","background-media":"","overlay-type":"","overlay-color":"","overlay-opacity":"","overlay-gradient":""}},"ast-content-background-meta":{"desktop":{"background-color":"var(--ast-global-color-4)","background-image":"","background-repeat":"repeat","background-position":"center center","background-size":"auto","background-attachment":"scroll","background-type":"","background-media":"","overlay-type":"","overlay-color":"","overlay-opacity":"","overlay-gradient":""},"tablet":{"background-color":"var(--ast-global-color-4)","background-image":"","background-repeat":"repeat","background-position":"center center","background-size":"auto","background-attachment":"scroll","background-type":"","background-media":"","overlay-type":"","overlay-color":"","overlay-opacity":"","overlay-gradient":""},"mobile":{"background-color":"var(--ast-global-color-4)","background-image":"","background-repeat":"repeat","background-position":"center center","background-size":"auto","background-attachment":"scroll","background-type":"","background-media":"","overlay-type":"","overlay-color":"","overlay-opacity":"","overlay-gradient":""}}},"product_brand":[],"product_cat":[103],"product_tag":[],"rodzina_produktu":[78],"class_list":{"0":"post-989070","1":"product","2":"type-product","3":"status-publish","4":"has-post-thumbnail","6":"product_cat-pt","7":"rodzina_produktu-pt","8":"desktop-align-left","9":"tablet-align-left","10":"mobile-align-left","12":"first","13":"instock","14":"taxable","15":"shipping-taxable","16":"purchasable","17":"product-type-variable"},"_links":{"self":[{"href":"https:\/\/e51w42xy.seo-partner.ovh\/en\/wp-json\/wp\/v2\/product\/989070","targetHints":{"allow":["GET"]}}],"collection":[{"href":"https:\/\/e51w42xy.seo-partner.ovh\/en\/wp-json\/wp\/v2\/product"}],"about":[{"href":"https:\/\/e51w42xy.seo-partner.ovh\/en\/wp-json\/wp\/v2\/types\/product"}],"replies":[{"embeddable":true,"href":"https:\/\/e51w42xy.seo-partner.ovh\/en\/wp-json\/wp\/v2\/comments?post=989070"}],"wp:featuredmedia":[{"embeddable":true,"href":"https:\/\/e51w42xy.seo-partner.ovh\/en\/wp-json\/wp\/v2\/media\/987965"}],"wp:attachment":[{"href":"https:\/\/e51w42xy.seo-partner.ovh\/en\/wp-json\/wp\/v2\/media?parent=989070"}],"wp:term":[{"taxonomy":"product_brand","embeddable":true,"href":"https:\/\/e51w42xy.seo-partner.ovh\/en\/wp-json\/wp\/v2\/product_brand?post=989070"},{"taxonomy":"product_cat","embeddable":true,"href":"https:\/\/e51w42xy.seo-partner.ovh\/en\/wp-json\/wp\/v2\/product_cat?post=989070"},{"taxonomy":"product_tag","embeddable":true,"href":"https:\/\/e51w42xy.seo-partner.ovh\/en\/wp-json\/wp\/v2\/product_tag?post=989070"},{"taxonomy":"rodzina_produktu","embeddable":true,"href":"https:\/\/e51w42xy.seo-partner.ovh\/en\/wp-json\/wp\/v2\/rodzina_produktu?post=989070"}],"curies":[{"name":"wp","href":"https:\/\/api.w.org\/{rel}","templated":true}]}}