{"id":989206,"date":"2026-04-17T11:01:04","date_gmt":"2026-04-17T09:01:04","guid":{"rendered":"https:\/\/e51w42xy.seo-partner.ovh\/?post_type=product&#038;p=989206"},"modified":"2026-05-02T22:18:09","modified_gmt":"2026-05-02T20:18:09","slug":"ut12_szkolenie_egzamin","status":"publish","type":"product","link":"https:\/\/e51w42xy.seo-partner.ovh\/en\/product\/ut12_szkolenie_egzamin\/","title":{"rendered":"UT 1+2 | Szkolenie kwalifikacyjne + egzamin kwalifikacyjny"},"content":{"rendered":"<p><b>Badania ultrad\u017awi\u0119kowe (UT &#8211; Ultrasonic Testing) <\/b><span style=\"font-weight: 400;\">to metoda bada\u0144 nieniszcz\u0105cych s\u0142u\u017c\u0105ca do wykrywania nieci\u0105g\u0142o\u015bci wewn\u0119trznych oraz oceny grubo\u015bci i integralno\u015bci materia\u0142u, z wykorzystaniem fal ultrad\u017awi\u0119kowych o wysokiej cz\u0119stotliwo\u015bci.<\/span><\/p>\n<p><span style=\"font-weight: 400;\">Umo\u017cliwia precyzyjn\u0105 lokalizacj\u0119 defekt\u00f3w w materiale oraz ocen\u0119 element\u00f3w o znacznej grubo\u015bci, bez stosowania promieniowania jonizuj\u0105cego.<\/span><\/p>","protected":false},"excerpt":{"rendered":"<p>Badania ultrad\u017awi\u0119kowe (UT &#8211; Ultrasonic Testing) to metoda bada\u0144 nieniszcz\u0105cych s\u0142u\u017c\u0105ca do wykrywania nieci\u0105g\u0142o\u015bci wewn\u0119trznych oraz oceny grubo\u015bci i integralno\u015bci [&hellip;]<\/p>\n","protected":false},"featured_media":987967,"comment_status":"closed","ping_status":"closed","template":"","meta":{"site-sidebar-layout":"default","site-content-layout":"","ast-site-content-layout":"default","site-content-style":"default","site-sidebar-style":"default","ast-global-header-display":"","ast-banner-title-visibility":"","ast-main-header-display":"","ast-hfb-above-header-display":"","ast-hfb-below-header-display":"","ast-hfb-mobile-header-display":"","site-post-title":"","ast-breadcrumbs-content":"","ast-featured-img":"","footer-sml-layout":"","ast-disable-related-posts":"","theme-transparent-header-meta":"default","adv-header-id-meta":"","stick-header-meta":"","header-above-stick-meta":"","header-main-stick-meta":"","header-below-stick-meta":"","astra-migrate-meta-layouts":"set","ast-page-background-enabled":"default","ast-page-background-meta":{"desktop":{"background-color":"var(--ast-global-color-5)","background-image":"","background-repeat":"repeat","background-position":"center center","background-size":"auto","background-attachment":"scroll","background-type":"","background-media":"","overlay-type":"","overlay-color":"","overlay-opacity":"","overlay-gradient":""},"tablet":{"background-color":"","background-image":"","background-repeat":"repeat","background-position":"center center","background-size":"auto","background-attachment":"scroll","background-type":"","background-media":"","overlay-type":"","overlay-color":"","overlay-opacity":"","overlay-gradient":""},"mobile":{"background-color":"","background-image":"","background-repeat":"repeat","background-position":"center center","background-size":"auto","background-attachment":"scroll","background-type":"","background-media":"","overlay-type":"","overlay-color":"","overlay-opacity":"","overlay-gradient":""}},"ast-content-background-meta":{"desktop":{"background-color":"var(--ast-global-color-4)","background-image":"","background-repeat":"repeat","background-position":"center center","background-size":"auto","background-attachment":"scroll","background-type":"","background-media":"","overlay-type":"","overlay-color":"","overlay-opacity":"","overlay-gradient":""},"tablet":{"background-color":"var(--ast-global-color-4)","background-image":"","background-repeat":"repeat","background-position":"center center","background-size":"auto","background-attachment":"scroll","background-type":"","background-media":"","overlay-type":"","overlay-color":"","overlay-opacity":"","overlay-gradient":""},"mobile":{"background-color":"var(--ast-global-color-4)","background-image":"","background-repeat":"repeat","background-position":"center center","background-size":"auto","background-attachment":"scroll","background-type":"","background-media":"","overlay-type":"","overlay-color":"","overlay-opacity":"","overlay-gradient":""}}},"product_brand":[],"product_cat":[105],"product_tag":[],"rodzina_produktu":[80],"class_list":{"0":"post-989206","1":"product","2":"type-product","3":"status-publish","4":"has-post-thumbnail","6":"product_cat-ut","7":"rodzina_produktu-ut","8":"desktop-align-left","9":"tablet-align-left","10":"mobile-align-left","12":"first","13":"instock","14":"taxable","15":"shipping-taxable","16":"purchasable","17":"product-type-variable"},"_links":{"self":[{"href":"https:\/\/e51w42xy.seo-partner.ovh\/en\/wp-json\/wp\/v2\/product\/989206","targetHints":{"allow":["GET"]}}],"collection":[{"href":"https:\/\/e51w42xy.seo-partner.ovh\/en\/wp-json\/wp\/v2\/product"}],"about":[{"href":"https:\/\/e51w42xy.seo-partner.ovh\/en\/wp-json\/wp\/v2\/types\/product"}],"replies":[{"embeddable":true,"href":"https:\/\/e51w42xy.seo-partner.ovh\/en\/wp-json\/wp\/v2\/comments?post=989206"}],"wp:featuredmedia":[{"embeddable":true,"href":"https:\/\/e51w42xy.seo-partner.ovh\/en\/wp-json\/wp\/v2\/media\/987967"}],"wp:attachment":[{"href":"https:\/\/e51w42xy.seo-partner.ovh\/en\/wp-json\/wp\/v2\/media?parent=989206"}],"wp:term":[{"taxonomy":"product_brand","embeddable":true,"href":"https:\/\/e51w42xy.seo-partner.ovh\/en\/wp-json\/wp\/v2\/product_brand?post=989206"},{"taxonomy":"product_cat","embeddable":true,"href":"https:\/\/e51w42xy.seo-partner.ovh\/en\/wp-json\/wp\/v2\/product_cat?post=989206"},{"taxonomy":"product_tag","embeddable":true,"href":"https:\/\/e51w42xy.seo-partner.ovh\/en\/wp-json\/wp\/v2\/product_tag?post=989206"},{"taxonomy":"rodzina_produktu","embeddable":true,"href":"https:\/\/e51w42xy.seo-partner.ovh\/en\/wp-json\/wp\/v2\/rodzina_produktu?post=989206"}],"curies":[{"name":"wp","href":"https:\/\/api.w.org\/{rel}","templated":true}]}}