{"id":989210,"date":"2026-04-17T11:11:31","date_gmt":"2026-04-17T09:11:31","guid":{"rendered":"https:\/\/e51w42xy.seo-partner.ovh\/?post_type=product&#038;p=989210"},"modified":"2026-04-21T21:57:22","modified_gmt":"2026-04-21T19:57:22","slug":"szkolenie-utpa-2","status":"publish","type":"product","link":"https:\/\/e51w42xy.seo-partner.ovh\/en\/product\/szkolenie-utpa-2\/","title":{"rendered":"Szkolenie UTPA 2"},"content":{"rendered":"<p><b>Badania UTPA (UTPA- Ultrasonic Testing Phased Array) <\/b><span style=\"font-weight: 400;\">to zaawansowana technika ultrad\u017awi\u0119kowa wykorzystuj\u0105ca wieloprzetwornikowe g\u0142owice umo\u017cliwiaj\u0105ce elektroniczne sterowanie wi\u0105zk\u0105 ultrad\u017awi\u0119kow\u0105.<\/span><\/p>\n<p><span style=\"font-weight: 400;\">Technika pozwala na dynamiczne skanowanie materia\u0142u, ogniskowanie wi\u0105zki oraz uzyskiwanie zobrazowa\u0144 przekrojowych, zwi\u0119kszaj\u0105c precyzj\u0119 interpretacji nieci\u0105g\u0142o\u015bci.<\/span><\/p>","protected":false},"excerpt":{"rendered":"<p>Badania UTPA (UTPA- Ultrasonic Testing Phased Array) to zaawansowana technika ultrad\u017awi\u0119kowa wykorzystuj\u0105ca wieloprzetwornikowe g\u0142owice umo\u017cliwiaj\u0105ce elektroniczne sterowanie wi\u0105zk\u0105 ultrad\u017awi\u0119kow\u0105. Technika [&hellip;]<\/p>\n","protected":false},"featured_media":987968,"comment_status":"closed","ping_status":"closed","template":"","meta":{"site-sidebar-layout":"default","site-content-layout":"","ast-site-content-layout":"default","site-content-style":"default","site-sidebar-style":"default","ast-global-header-display":"","ast-banner-title-visibility":"","ast-main-header-display":"","ast-hfb-above-header-display":"","ast-hfb-below-header-display":"","ast-hfb-mobile-header-display":"","site-post-title":"","ast-breadcrumbs-content":"","ast-featured-img":"","footer-sml-layout":"","ast-disable-related-posts":"","theme-transparent-header-meta":"default","adv-header-id-meta":"","stick-header-meta":"","header-above-stick-meta":"","header-main-stick-meta":"","header-below-stick-meta":"","astra-migrate-meta-layouts":"set","ast-page-background-enabled":"default","ast-page-background-meta":{"desktop":{"background-color":"var(--ast-global-color-5)","background-image":"","background-repeat":"repeat","background-position":"center center","background-size":"auto","background-attachment":"scroll","background-type":"","background-media":"","overlay-type":"","overlay-color":"","overlay-opacity":"","overlay-gradient":""},"tablet":{"background-color":"","background-image":"","background-repeat":"repeat","background-position":"center center","background-size":"auto","background-attachment":"scroll","background-type":"","background-media":"","overlay-type":"","overlay-color":"","overlay-opacity":"","overlay-gradient":""},"mobile":{"background-color":"","background-image":"","background-repeat":"repeat","background-position":"center center","background-size":"auto","background-attachment":"scroll","background-type":"","background-media":"","overlay-type":"","overlay-color":"","overlay-opacity":"","overlay-gradient":""}},"ast-content-background-meta":{"desktop":{"background-color":"var(--ast-global-color-4)","background-image":"","background-repeat":"repeat","background-position":"center center","background-size":"auto","background-attachment":"scroll","background-type":"","background-media":"","overlay-type":"","overlay-color":"","overlay-opacity":"","overlay-gradient":""},"tablet":{"background-color":"var(--ast-global-color-4)","background-image":"","background-repeat":"repeat","background-position":"center center","background-size":"auto","background-attachment":"scroll","background-type":"","background-media":"","overlay-type":"","overlay-color":"","overlay-opacity":"","overlay-gradient":""},"mobile":{"background-color":"var(--ast-global-color-4)","background-image":"","background-repeat":"repeat","background-position":"center center","background-size":"auto","background-attachment":"scroll","background-type":"","background-media":"","overlay-type":"","overlay-color":"","overlay-opacity":"","overlay-gradient":""}}},"product_brand":[],"product_cat":[106],"product_tag":[],"rodzina_produktu":[82],"class_list":{"0":"post-989210","1":"product","2":"type-product","3":"status-publish","4":"has-post-thumbnail","6":"product_cat-utpa","7":"rodzina_produktu-utpa","8":"desktop-align-left","9":"tablet-align-left","10":"mobile-align-left","12":"first","13":"instock","14":"taxable","15":"shipping-taxable","16":"product-type-simple"},"_links":{"self":[{"href":"https:\/\/e51w42xy.seo-partner.ovh\/en\/wp-json\/wp\/v2\/product\/989210","targetHints":{"allow":["GET"]}}],"collection":[{"href":"https:\/\/e51w42xy.seo-partner.ovh\/en\/wp-json\/wp\/v2\/product"}],"about":[{"href":"https:\/\/e51w42xy.seo-partner.ovh\/en\/wp-json\/wp\/v2\/types\/product"}],"replies":[{"embeddable":true,"href":"https:\/\/e51w42xy.seo-partner.ovh\/en\/wp-json\/wp\/v2\/comments?post=989210"}],"wp:featuredmedia":[{"embeddable":true,"href":"https:\/\/e51w42xy.seo-partner.ovh\/en\/wp-json\/wp\/v2\/media\/987968"}],"wp:attachment":[{"href":"https:\/\/e51w42xy.seo-partner.ovh\/en\/wp-json\/wp\/v2\/media?parent=989210"}],"wp:term":[{"taxonomy":"product_brand","embeddable":true,"href":"https:\/\/e51w42xy.seo-partner.ovh\/en\/wp-json\/wp\/v2\/product_brand?post=989210"},{"taxonomy":"product_cat","embeddable":true,"href":"https:\/\/e51w42xy.seo-partner.ovh\/en\/wp-json\/wp\/v2\/product_cat?post=989210"},{"taxonomy":"product_tag","embeddable":true,"href":"https:\/\/e51w42xy.seo-partner.ovh\/en\/wp-json\/wp\/v2\/product_tag?post=989210"},{"taxonomy":"rodzina_produktu","embeddable":true,"href":"https:\/\/e51w42xy.seo-partner.ovh\/en\/wp-json\/wp\/v2\/rodzina_produktu?post=989210"}],"curies":[{"name":"wp","href":"https:\/\/api.w.org\/{rel}","templated":true}]}}