{"id":989214,"date":"2026-04-01T11:17:50","date_gmt":"2026-04-01T09:17:50","guid":{"rendered":"https:\/\/e51w42xy.seo-partner.ovh\/?post_type=product&#038;p=989214"},"modified":"2026-04-23T13:42:58","modified_gmt":"2026-04-23T11:42:58","slug":"vt12_szkolenie","status":"publish","type":"product","link":"https:\/\/e51w42xy.seo-partner.ovh\/en\/product\/vt12_szkolenie\/","title":{"rendered":"VT 1+2 | Szkolenie kwalifikacyjne (bez certyfikatu)"},"content":{"rendered":"<p><span style=\"font-weight: 400;\">Badania wizualne (VT &#8211; Visual Testing) \u2013 metoda bada\u0144 nieniszcz\u0105cych polegaj\u0105ca na wykrywaniu niezgodno\u015bci powierzchniowych z wykorzystaniem wzroku inspektora, bez u\u017cycia kosztownej aparatury. Metoda pozwala na szybkie wykrycie niezgodno\u015bci powierzchniowych, takich jak p\u0119kni\u0119cia, pory czy w\u017cery korozyjne.<\/span><\/p>\n<p>Uwaga: Ten produkt dotyczy samego szkolenia bez egzaminu.<\/p>\n<p>By uzyska\u0107 certyfikat wybierz szkolenie:<\/p>\n<p><strong><a href=\"https:\/\/e51w42xy.seo-partner.ovh\/en\/product\/vt12_szkolenie_egzamin\/\">VT 1+2 | Szkolenie kwalifikacyjne + egzamin kwalifikacyjny<\/a><\/strong><\/p>","protected":false},"excerpt":{"rendered":"<p>Badania wizualne (VT &#8211; Visual Testing) \u2013 metoda bada\u0144 nieniszcz\u0105cych polegaj\u0105ca na wykrywaniu niezgodno\u015bci powierzchniowych z wykorzystaniem wzroku inspektora, bez [&hellip;]<\/p>\n","protected":false},"featured_media":987969,"comment_status":"closed","ping_status":"closed","template":"","meta":{"site-sidebar-layout":"default","site-content-layout":"","ast-site-content-layout":"default","site-content-style":"default","site-sidebar-style":"default","ast-global-header-display":"","ast-banner-title-visibility":"","ast-main-header-display":"","ast-hfb-above-header-display":"","ast-hfb-below-header-display":"","ast-hfb-mobile-header-display":"","site-post-title":"","ast-breadcrumbs-content":"","ast-featured-img":"","footer-sml-layout":"","ast-disable-related-posts":"","theme-transparent-header-meta":"default","adv-header-id-meta":"","stick-header-meta":"","header-above-stick-meta":"","header-main-stick-meta":"","header-below-stick-meta":"","astra-migrate-meta-layouts":"set","ast-page-background-enabled":"default","ast-page-background-meta":{"desktop":{"background-color":"var(--ast-global-color-5)","background-image":"","background-repeat":"repeat","background-position":"center center","background-size":"auto","background-attachment":"scroll","background-type":"","background-media":"","overlay-type":"","overlay-color":"","overlay-opacity":"","overlay-gradient":""},"tablet":{"background-color":"","background-image":"","background-repeat":"repeat","background-position":"center center","background-size":"auto","background-attachment":"scroll","background-type":"","background-media":"","overlay-type":"","overlay-color":"","overlay-opacity":"","overlay-gradient":""},"mobile":{"background-color":"","background-image":"","background-repeat":"repeat","background-position":"center center","background-size":"auto","background-attachment":"scroll","background-type":"","background-media":"","overlay-type":"","overlay-color":"","overlay-opacity":"","overlay-gradient":""}},"ast-content-background-meta":{"desktop":{"background-color":"var(--ast-global-color-4)","background-image":"","background-repeat":"repeat","background-position":"center center","background-size":"auto","background-attachment":"scroll","background-type":"","background-media":"","overlay-type":"","overlay-color":"","overlay-opacity":"","overlay-gradient":""},"tablet":{"background-color":"var(--ast-global-color-4)","background-image":"","background-repeat":"repeat","background-position":"center center","background-size":"auto","background-attachment":"scroll","background-type":"","background-media":"","overlay-type":"","overlay-color":"","overlay-opacity":"","overlay-gradient":""},"mobile":{"background-color":"var(--ast-global-color-4)","background-image":"","background-repeat":"repeat","background-position":"center center","background-size":"auto","background-attachment":"scroll","background-type":"","background-media":"","overlay-type":"","overlay-color":"","overlay-opacity":"","overlay-gradient":""}}},"product_brand":[],"product_cat":[102],"product_tag":[],"rodzina_produktu":[79],"class_list":{"0":"post-989214","1":"product","2":"type-product","3":"status-publish","4":"has-post-thumbnail","6":"product_cat-vt","7":"rodzina_produktu-vt","8":"desktop-align-left","9":"tablet-align-left","10":"mobile-align-left","12":"first","13":"instock","14":"taxable","15":"shipping-taxable","16":"purchasable","17":"product-type-variable"},"_links":{"self":[{"href":"https:\/\/e51w42xy.seo-partner.ovh\/en\/wp-json\/wp\/v2\/product\/989214","targetHints":{"allow":["GET"]}}],"collection":[{"href":"https:\/\/e51w42xy.seo-partner.ovh\/en\/wp-json\/wp\/v2\/product"}],"about":[{"href":"https:\/\/e51w42xy.seo-partner.ovh\/en\/wp-json\/wp\/v2\/types\/product"}],"replies":[{"embeddable":true,"href":"https:\/\/e51w42xy.seo-partner.ovh\/en\/wp-json\/wp\/v2\/comments?post=989214"}],"wp:featuredmedia":[{"embeddable":true,"href":"https:\/\/e51w42xy.seo-partner.ovh\/en\/wp-json\/wp\/v2\/media\/987969"}],"wp:attachment":[{"href":"https:\/\/e51w42xy.seo-partner.ovh\/en\/wp-json\/wp\/v2\/media?parent=989214"}],"wp:term":[{"taxonomy":"product_brand","embeddable":true,"href":"https:\/\/e51w42xy.seo-partner.ovh\/en\/wp-json\/wp\/v2\/product_brand?post=989214"},{"taxonomy":"product_cat","embeddable":true,"href":"https:\/\/e51w42xy.seo-partner.ovh\/en\/wp-json\/wp\/v2\/product_cat?post=989214"},{"taxonomy":"product_tag","embeddable":true,"href":"https:\/\/e51w42xy.seo-partner.ovh\/en\/wp-json\/wp\/v2\/product_tag?post=989214"},{"taxonomy":"rodzina_produktu","embeddable":true,"href":"https:\/\/e51w42xy.seo-partner.ovh\/en\/wp-json\/wp\/v2\/rodzina_produktu?post=989214"}],"curies":[{"name":"wp","href":"https:\/\/api.w.org\/{rel}","templated":true}]}}